{"id":810,"date":"2025-05-12T16:46:05","date_gmt":"2025-05-12T08:46:05","guid":{"rendered":"https:\/\/zj.junj.cc\/?post_type=product&#038;p=810"},"modified":"2025-10-09T11:36:06","modified_gmt":"2025-10-09T03:36:06","slug":"pp-laminated-non-woven-christmas-gift-bag","status":"publish","type":"product","link":"https:\/\/www.zjecobag.com\/fr\/product\/pp-laminated-non-woven-christmas-gift-bag\/","title":{"rendered":"Sac cadeau de No\u00ebl non tiss\u00e9 lamin\u00e9 PP"},"parent":0,"menu_order":60,"template":"","meta":[],"product_category":[14],"class_list":["post-810","product","type-product","status-publish","hentry","product_category-heat-sealed-eco-bag"],"acf":[],"_links":{"self":[{"href":"https:\/\/www.zjecobag.com\/fr\/wp-json\/wp\/v2\/product\/810","targetHints":{"allow":["GET"]}}],"collection":[{"href":"https:\/\/www.zjecobag.com\/fr\/wp-json\/wp\/v2\/product"}],"about":[{"href":"https:\/\/www.zjecobag.com\/fr\/wp-json\/wp\/v2\/types\/product"}],"version-history":[{"count":1,"href":"https:\/\/www.zjecobag.com\/fr\/wp-json\/wp\/v2\/product\/810\/revisions"}],"predecessor-version":[{"id":1511,"href":"https:\/\/www.zjecobag.com\/fr\/wp-json\/wp\/v2\/product\/810\/revisions\/1511"}],"wp:attachment":[{"href":"https:\/\/www.zjecobag.com\/fr\/wp-json\/wp\/v2\/media?parent=810"}],"wp:term":[{"taxonomy":"product_category","embeddable":true,"href":"https:\/\/www.zjecobag.com\/fr\/wp-json\/wp\/v2\/product_category?post=810"}],"curies":[{"name":"wp","href":"https:\/\/api.w.org\/{rel}","templated":true}]}}