{"id":801,"date":"2025-05-12T16:43:32","date_gmt":"2025-05-12T08:43:32","guid":{"rendered":"https:\/\/zj.junj.cc\/?post_type=product&#038;p=801"},"modified":"2025-10-09T11:36:10","modified_gmt":"2025-10-09T03:36:10","slug":"non-woven-die-cut-punched-shopping-bag","status":"publish","type":"product","link":"https:\/\/www.zjecobag.com\/fr\/product\/non-woven-die-cut-punched-shopping-bag\/","title":{"rendered":"Sac \u00e0 provisions perfor\u00e9 non tiss\u00e9 d\u00e9coup\u00e9"},"parent":0,"menu_order":61,"template":"","meta":[],"product_category":[14],"class_list":["post-801","product","type-product","status-publish","hentry","product_category-heat-sealed-eco-bag"],"acf":[],"_links":{"self":[{"href":"https:\/\/www.zjecobag.com\/fr\/wp-json\/wp\/v2\/product\/801","targetHints":{"allow":["GET"]}}],"collection":[{"href":"https:\/\/www.zjecobag.com\/fr\/wp-json\/wp\/v2\/product"}],"about":[{"href":"https:\/\/www.zjecobag.com\/fr\/wp-json\/wp\/v2\/types\/product"}],"version-history":[{"count":1,"href":"https:\/\/www.zjecobag.com\/fr\/wp-json\/wp\/v2\/product\/801\/revisions"}],"predecessor-version":[{"id":1512,"href":"https:\/\/www.zjecobag.com\/fr\/wp-json\/wp\/v2\/product\/801\/revisions\/1512"}],"wp:attachment":[{"href":"https:\/\/www.zjecobag.com\/fr\/wp-json\/wp\/v2\/media?parent=801"}],"wp:term":[{"taxonomy":"product_category","embeddable":true,"href":"https:\/\/www.zjecobag.com\/fr\/wp-json\/wp\/v2\/product_category?post=801"}],"curies":[{"name":"wp","href":"https:\/\/api.w.org\/{rel}","templated":true}]}}