{"id":1342,"date":"2025-06-06T18:34:52","date_gmt":"2025-06-06T10:34:52","guid":{"rendered":"https:\/\/zj.junj.cc\/?post_type=product&#038;p=1342"},"modified":"2025-10-09T11:36:55","modified_gmt":"2025-10-09T03:36:55","slug":"laminated-pp-woven-shopping-bag","status":"publish","type":"product","link":"https:\/\/www.zjecobag.com\/fr\/product\/laminated-pp-woven-shopping-bag\/","title":{"rendered":"Sac \u00e0 provisions tiss\u00e9 en PP lamin\u00e9"},"parent":0,"menu_order":18,"template":"","meta":[],"product_category":[4],"class_list":["post-1342","product","type-product","status-publish","hentry","product_category-pp-woven-tote-bag"],"acf":[],"_links":{"self":[{"href":"https:\/\/www.zjecobag.com\/fr\/wp-json\/wp\/v2\/product\/1342","targetHints":{"allow":["GET"]}}],"collection":[{"href":"https:\/\/www.zjecobag.com\/fr\/wp-json\/wp\/v2\/product"}],"about":[{"href":"https:\/\/www.zjecobag.com\/fr\/wp-json\/wp\/v2\/types\/product"}],"version-history":[{"count":1,"href":"https:\/\/www.zjecobag.com\/fr\/wp-json\/wp\/v2\/product\/1342\/revisions"}],"predecessor-version":[{"id":1514,"href":"https:\/\/www.zjecobag.com\/fr\/wp-json\/wp\/v2\/product\/1342\/revisions\/1514"}],"wp:attachment":[{"href":"https:\/\/www.zjecobag.com\/fr\/wp-json\/wp\/v2\/media?parent=1342"}],"wp:term":[{"taxonomy":"product_category","embeddable":true,"href":"https:\/\/www.zjecobag.com\/fr\/wp-json\/wp\/v2\/product_category?post=1342"}],"curies":[{"name":"wp","href":"https:\/\/api.w.org\/{rel}","templated":true}]}}