{"id":1327,"date":"2025-06-06T18:23:43","date_gmt":"2025-06-06T10:23:43","guid":{"rendered":"https:\/\/zj.junj.cc\/?post_type=product&#038;p=1327"},"modified":"2025-10-09T11:39:16","modified_gmt":"2025-10-09T03:39:16","slug":"custom-logo-reusable-waterproof-laminated-lunch-insulated-picnic-cooler-bag","status":"publish","type":"product","link":"https:\/\/www.zjecobag.com\/fr\/product\/custom-logo-reusable-waterproof-laminated-lunch-insulated-picnic-cooler-bag\/","title":{"rendered":"Sac isotherme de pique-nique isol\u00e9 de d\u00e9jeuner stratifi\u00e9 imperm\u00e9able r\u00e9utilisable de logo fait sur commande"},"parent":0,"menu_order":27,"template":"","meta":[],"product_category":[10],"class_list":["post-1327","product","type-product","status-publish","hentry","product_category-insulated-cooler-bag"],"acf":[],"_links":{"self":[{"href":"https:\/\/www.zjecobag.com\/fr\/wp-json\/wp\/v2\/product\/1327","targetHints":{"allow":["GET"]}}],"collection":[{"href":"https:\/\/www.zjecobag.com\/fr\/wp-json\/wp\/v2\/product"}],"about":[{"href":"https:\/\/www.zjecobag.com\/fr\/wp-json\/wp\/v2\/types\/product"}],"version-history":[{"count":1,"href":"https:\/\/www.zjecobag.com\/fr\/wp-json\/wp\/v2\/product\/1327\/revisions"}],"predecessor-version":[{"id":1529,"href":"https:\/\/www.zjecobag.com\/fr\/wp-json\/wp\/v2\/product\/1327\/revisions\/1529"}],"wp:attachment":[{"href":"https:\/\/www.zjecobag.com\/fr\/wp-json\/wp\/v2\/media?parent=1327"}],"wp:term":[{"taxonomy":"product_category","embeddable":true,"href":"https:\/\/www.zjecobag.com\/fr\/wp-json\/wp\/v2\/product_category?post=1327"}],"curies":[{"name":"wp","href":"https:\/\/api.w.org\/{rel}","templated":true}]}}