{"id":1295,"date":"2025-06-06T17:59:45","date_gmt":"2025-06-06T09:59:45","guid":{"rendered":"https:\/\/zj.junj.cc\/?post_type=product&#038;p=1295"},"modified":"2025-12-31T14:15:00","modified_gmt":"2025-12-31T06:15:00","slug":"custom-reusable-heat-sealed-non-woven-bag","status":"publish","type":"product","link":"https:\/\/www.zjecobag.com\/fr\/product\/custom-reusable-heat-sealed-non-woven-bag\/","title":{"rendered":"Sac non tiss\u00e9 thermoscell\u00e9 r\u00e9utilisable personnalis\u00e9"},"parent":0,"menu_order":33,"template":"","meta":[],"product_category":[14],"class_list":["post-1295","product","type-product","status-publish","hentry","product_category-heat-sealed-eco-bag"],"acf":[],"_links":{"self":[{"href":"https:\/\/www.zjecobag.com\/fr\/wp-json\/wp\/v2\/product\/1295","targetHints":{"allow":["GET"]}}],"collection":[{"href":"https:\/\/www.zjecobag.com\/fr\/wp-json\/wp\/v2\/product"}],"about":[{"href":"https:\/\/www.zjecobag.com\/fr\/wp-json\/wp\/v2\/types\/product"}],"version-history":[{"count":4,"href":"https:\/\/www.zjecobag.com\/fr\/wp-json\/wp\/v2\/product\/1295\/revisions"}],"predecessor-version":[{"id":1861,"href":"https:\/\/www.zjecobag.com\/fr\/wp-json\/wp\/v2\/product\/1295\/revisions\/1861"}],"wp:attachment":[{"href":"https:\/\/www.zjecobag.com\/fr\/wp-json\/wp\/v2\/media?parent=1295"}],"wp:term":[{"taxonomy":"product_category","embeddable":true,"href":"https:\/\/www.zjecobag.com\/fr\/wp-json\/wp\/v2\/product_category?post=1295"}],"curies":[{"name":"wp","href":"https:\/\/api.w.org\/{rel}","templated":true}]}}