{"id":1281,"date":"2025-06-06T17:42:38","date_gmt":"2025-06-06T09:42:38","guid":{"rendered":"https:\/\/zj.junj.cc\/?post_type=product&#038;p=1281"},"modified":"2025-10-09T11:32:18","modified_gmt":"2025-10-09T03:32:18","slug":"unisex-cheap-eco-non-woven-sewing-tote-bag","status":"publish","type":"product","link":"https:\/\/www.zjecobag.com\/fr\/product\/unisex-cheap-eco-non-woven-sewing-tote-bag\/","title":{"rendered":"Sac fourre-tout \u00e0 coudre non tiss\u00e9 \u00e9cologique bon march\u00e9 unisexe"},"parent":0,"menu_order":37,"template":"","meta":[],"product_category":[15],"class_list":["post-1281","product","type-product","status-publish","hentry","product_category-sewing-tote-bag"],"acf":[],"_links":{"self":[{"href":"https:\/\/www.zjecobag.com\/fr\/wp-json\/wp\/v2\/product\/1281","targetHints":{"allow":["GET"]}}],"collection":[{"href":"https:\/\/www.zjecobag.com\/fr\/wp-json\/wp\/v2\/product"}],"about":[{"href":"https:\/\/www.zjecobag.com\/fr\/wp-json\/wp\/v2\/types\/product"}],"version-history":[{"count":1,"href":"https:\/\/www.zjecobag.com\/fr\/wp-json\/wp\/v2\/product\/1281\/revisions"}],"predecessor-version":[{"id":1504,"href":"https:\/\/www.zjecobag.com\/fr\/wp-json\/wp\/v2\/product\/1281\/revisions\/1504"}],"wp:attachment":[{"href":"https:\/\/www.zjecobag.com\/fr\/wp-json\/wp\/v2\/media?parent=1281"}],"wp:term":[{"taxonomy":"product_category","embeddable":true,"href":"https:\/\/www.zjecobag.com\/fr\/wp-json\/wp\/v2\/product_category?post=1281"}],"curies":[{"name":"wp","href":"https:\/\/api.w.org\/{rel}","templated":true}]}}