{"id":1322,"date":"2025-06-06T18:21:46","date_gmt":"2025-06-06T10:21:46","guid":{"rendered":"https:\/\/zj.junj.cc\/?post_type=product&#038;p=1322"},"modified":"2025-10-09T11:39:11","modified_gmt":"2025-10-09T03:39:11","slug":"cheap-custom-insulated-food-take-away-delivery-bag","status":"publish","type":"product","link":"https:\/\/www.zjecobag.com\/de\/product\/cheap-custom-insulated-food-take-away-delivery-bag\/","title":{"rendered":"G\u00fcnstige, ma\u00dfgeschneiderte, isolierte Liefertasche f\u00fcr Lebensmittel zum Mitnehmen"},"parent":0,"menu_order":26,"template":"","meta":[],"product_category":[10],"class_list":["post-1322","product","type-product","status-publish","hentry","product_category-insulated-cooler-bag"],"acf":[],"_links":{"self":[{"href":"https:\/\/www.zjecobag.com\/de\/wp-json\/wp\/v2\/product\/1322","targetHints":{"allow":["GET"]}}],"collection":[{"href":"https:\/\/www.zjecobag.com\/de\/wp-json\/wp\/v2\/product"}],"about":[{"href":"https:\/\/www.zjecobag.com\/de\/wp-json\/wp\/v2\/types\/product"}],"version-history":[{"count":1,"href":"https:\/\/www.zjecobag.com\/de\/wp-json\/wp\/v2\/product\/1322\/revisions"}],"predecessor-version":[{"id":1528,"href":"https:\/\/www.zjecobag.com\/de\/wp-json\/wp\/v2\/product\/1322\/revisions\/1528"}],"wp:attachment":[{"href":"https:\/\/www.zjecobag.com\/de\/wp-json\/wp\/v2\/media?parent=1322"}],"wp:term":[{"taxonomy":"product_category","embeddable":true,"href":"https:\/\/www.zjecobag.com\/de\/wp-json\/wp\/v2\/product_category?post=1322"}],"curies":[{"name":"wp","href":"https:\/\/api.w.org\/{rel}","templated":true}]}}