{"id":878,"date":"2025-05-12T17:22:33","date_gmt":"2025-05-12T09:22:33","guid":{"rendered":"https:\/\/zj.junj.cc\/?post_type=product&#038;p=878"},"modified":"2025-10-09T11:37:31","modified_gmt":"2025-10-09T03:37:31","slug":"custom-logo-reusable-laminated-pp-woven-shopping-bag","status":"publish","type":"product","link":"http:\/\/www.zjecobag.com\/fr\/product\/custom-logo-reusable-laminated-pp-woven-shopping-bag\/","title":{"rendered":"Sac \u00e0 provisions tiss\u00e9 en PP stratifi\u00e9 r\u00e9utilisable avec logo personnalis\u00e9"},"parent":0,"menu_order":51,"template":"","meta":[],"product_category":[16],"class_list":["post-878","product","type-product","status-publish","hentry","product_category-pp-woven-sewing-tote-bag"],"acf":[],"_links":{"self":[{"href":"http:\/\/www.zjecobag.com\/fr\/wp-json\/wp\/v2\/product\/878","targetHints":{"allow":["GET"]}}],"collection":[{"href":"http:\/\/www.zjecobag.com\/fr\/wp-json\/wp\/v2\/product"}],"about":[{"href":"http:\/\/www.zjecobag.com\/fr\/wp-json\/wp\/v2\/types\/product"}],"version-history":[{"count":1,"href":"http:\/\/www.zjecobag.com\/fr\/wp-json\/wp\/v2\/product\/878\/revisions"}],"predecessor-version":[{"id":1523,"href":"http:\/\/www.zjecobag.com\/fr\/wp-json\/wp\/v2\/product\/878\/revisions\/1523"}],"wp:attachment":[{"href":"http:\/\/www.zjecobag.com\/fr\/wp-json\/wp\/v2\/media?parent=878"}],"wp:term":[{"taxonomy":"product_category","embeddable":true,"href":"http:\/\/www.zjecobag.com\/fr\/wp-json\/wp\/v2\/product_category?post=878"}],"curies":[{"name":"wp","href":"https:\/\/api.w.org\/{rel}","templated":true}]}}