{"id":1600,"date":"2025-10-31T10:10:28","date_gmt":"2025-10-31T02:10:28","guid":{"rendered":"https:\/\/www.zjecobag.com\/?post_type=product&#038;p=1600"},"modified":"2025-10-31T10:10:28","modified_gmt":"2025-10-31T02:10:28","slug":"personalized-canvas-bags-shoulder-reusable-durable-beige-custom-tote-cotton-canvas-promotional-bag-for-dental-centre-advertising","status":"publish","type":"product","link":"http:\/\/www.zjecobag.com\/fr\/product\/personalized-canvas-bags-shoulder-reusable-durable-beige-custom-tote-cotton-canvas-promotional-bag-for-dental-centre-advertising\/","title":{"rendered":"Sacs en toile personnalis\u00e9s \u00e9paule r\u00e9utilisable Durable Beige fourre-tout personnalis\u00e9 en toile de coton sac promotionnel pour la publicit\u00e9 du centre dentaire"},"parent":0,"menu_order":3,"template":"","meta":[],"product_category":[13],"class_list":["post-1600","product","type-product","status-publish","hentry","product_category-cotton-canvas-tote-bag"],"acf":[],"_links":{"self":[{"href":"http:\/\/www.zjecobag.com\/fr\/wp-json\/wp\/v2\/product\/1600","targetHints":{"allow":["GET"]}}],"collection":[{"href":"http:\/\/www.zjecobag.com\/fr\/wp-json\/wp\/v2\/product"}],"about":[{"href":"http:\/\/www.zjecobag.com\/fr\/wp-json\/wp\/v2\/types\/product"}],"version-history":[{"count":1,"href":"http:\/\/www.zjecobag.com\/fr\/wp-json\/wp\/v2\/product\/1600\/revisions"}],"predecessor-version":[{"id":1606,"href":"http:\/\/www.zjecobag.com\/fr\/wp-json\/wp\/v2\/product\/1600\/revisions\/1606"}],"wp:attachment":[{"href":"http:\/\/www.zjecobag.com\/fr\/wp-json\/wp\/v2\/media?parent=1600"}],"wp:term":[{"taxonomy":"product_category","embeddable":true,"href":"http:\/\/www.zjecobag.com\/fr\/wp-json\/wp\/v2\/product_category?post=1600"}],"curies":[{"name":"wp","href":"https:\/\/api.w.org\/{rel}","templated":true}]}}