{"id":1595,"date":"2025-10-31T10:07:59","date_gmt":"2025-10-31T02:07:59","guid":{"rendered":"https:\/\/www.zjecobag.com\/?post_type=product&#038;p=1595"},"modified":"2025-10-31T10:07:59","modified_gmt":"2025-10-31T02:07:59","slug":"new-arrival-large-black-cotton-canvas-durable-tote-bag-custom-logo-printed-reusable-shoulder-bag-for-shopping-and-promotion","status":"publish","type":"product","link":"http:\/\/www.zjecobag.com\/fr\/product\/new-arrival-large-black-cotton-canvas-durable-tote-bag-custom-logo-printed-reusable-shoulder-bag-for-shopping-and-promotion\/","title":{"rendered":"Nouveaut\u00e9 grand sac fourre-tout en toile de coton noir Durable Logo personnalis\u00e9 imprim\u00e9 sac \u00e0 bandouli\u00e8re r\u00e9utilisable pour le shopping et la promotion"},"parent":0,"menu_order":4,"template":"","meta":[],"product_category":[13],"class_list":["post-1595","product","type-product","status-publish","hentry","product_category-cotton-canvas-tote-bag"],"acf":[],"_links":{"self":[{"href":"http:\/\/www.zjecobag.com\/fr\/wp-json\/wp\/v2\/product\/1595","targetHints":{"allow":["GET"]}}],"collection":[{"href":"http:\/\/www.zjecobag.com\/fr\/wp-json\/wp\/v2\/product"}],"about":[{"href":"http:\/\/www.zjecobag.com\/fr\/wp-json\/wp\/v2\/types\/product"}],"version-history":[{"count":1,"href":"http:\/\/www.zjecobag.com\/fr\/wp-json\/wp\/v2\/product\/1595\/revisions"}],"predecessor-version":[{"id":1599,"href":"http:\/\/www.zjecobag.com\/fr\/wp-json\/wp\/v2\/product\/1595\/revisions\/1599"}],"wp:attachment":[{"href":"http:\/\/www.zjecobag.com\/fr\/wp-json\/wp\/v2\/media?parent=1595"}],"wp:term":[{"taxonomy":"product_category","embeddable":true,"href":"http:\/\/www.zjecobag.com\/fr\/wp-json\/wp\/v2\/product_category?post=1595"}],"curies":[{"name":"wp","href":"https:\/\/api.w.org\/{rel}","templated":true}]}}