{"id":1570,"date":"2025-10-31T09:21:04","date_gmt":"2025-10-31T01:21:04","guid":{"rendered":"https:\/\/www.zjecobag.com\/?post_type=product&#038;p=1570"},"modified":"2025-10-31T09:24:04","modified_gmt":"2025-10-31T01:24:04","slug":"custom-logo-pp-woven-fabric-tote-large-capacity-black-reusable-folding-shopping-bag-for-supermarket-use-or-gift-giving","status":"publish","type":"product","link":"http:\/\/www.zjecobag.com\/fr\/product\/custom-logo-pp-woven-fabric-tote-large-capacity-black-reusable-folding-shopping-bag-for-supermarket-use-or-gift-giving\/","title":{"rendered":"Logo personnalis\u00e9 PP fourre-tout en tissu tiss\u00e9 sac \u00e0 provisions pliant r\u00e9utilisable noir de grande capacit\u00e9 pour une utilisation en supermarch\u00e9 ou pour offrir en cadeau"},"parent":0,"menu_order":8,"template":"","meta":[],"product_category":[4],"class_list":["post-1570","product","type-product","status-publish","hentry","product_category-pp-woven-tote-bag"],"acf":[],"_links":{"self":[{"href":"http:\/\/www.zjecobag.com\/fr\/wp-json\/wp\/v2\/product\/1570","targetHints":{"allow":["GET"]}}],"collection":[{"href":"http:\/\/www.zjecobag.com\/fr\/wp-json\/wp\/v2\/product"}],"about":[{"href":"http:\/\/www.zjecobag.com\/fr\/wp-json\/wp\/v2\/types\/product"}],"version-history":[{"count":1,"href":"http:\/\/www.zjecobag.com\/fr\/wp-json\/wp\/v2\/product\/1570\/revisions"}],"predecessor-version":[{"id":1576,"href":"http:\/\/www.zjecobag.com\/fr\/wp-json\/wp\/v2\/product\/1570\/revisions\/1576"}],"wp:attachment":[{"href":"http:\/\/www.zjecobag.com\/fr\/wp-json\/wp\/v2\/media?parent=1570"}],"wp:term":[{"taxonomy":"product_category","embeddable":true,"href":"http:\/\/www.zjecobag.com\/fr\/wp-json\/wp\/v2\/product_category?post=1570"}],"curies":[{"name":"wp","href":"https:\/\/api.w.org\/{rel}","templated":true}]}}