{"id":1282,"date":"2025-06-06T17:44:57","date_gmt":"2025-06-06T09:44:57","guid":{"rendered":"https:\/\/zj.junj.cc\/?post_type=product&#038;p=1282"},"modified":"2026-01-14T15:49:38","modified_gmt":"2026-01-14T07:49:38","slug":"eco-reusable-eco-non-woven-sewing-tote-bag","status":"publish","type":"product","link":"http:\/\/www.zjecobag.com\/fr\/product\/eco-reusable-eco-non-woven-sewing-tote-bag\/","title":{"rendered":"Sac fourre-tout \u00e0 coudre \u00e9cologique r\u00e9utilisable et non tiss\u00e9"},"parent":0,"menu_order":35,"template":"","meta":[],"product_category":[15],"class_list":["post-1282","product","type-product","status-publish","hentry","product_category-sewing-tote-bag"],"acf":[],"_links":{"self":[{"href":"http:\/\/www.zjecobag.com\/fr\/wp-json\/wp\/v2\/product\/1282","targetHints":{"allow":["GET"]}}],"collection":[{"href":"http:\/\/www.zjecobag.com\/fr\/wp-json\/wp\/v2\/product"}],"about":[{"href":"http:\/\/www.zjecobag.com\/fr\/wp-json\/wp\/v2\/types\/product"}],"version-history":[{"count":2,"href":"http:\/\/www.zjecobag.com\/fr\/wp-json\/wp\/v2\/product\/1282\/revisions"}],"predecessor-version":[{"id":1923,"href":"http:\/\/www.zjecobag.com\/fr\/wp-json\/wp\/v2\/product\/1282\/revisions\/1923"}],"wp:attachment":[{"href":"http:\/\/www.zjecobag.com\/fr\/wp-json\/wp\/v2\/media?parent=1282"}],"wp:term":[{"taxonomy":"product_category","embeddable":true,"href":"http:\/\/www.zjecobag.com\/fr\/wp-json\/wp\/v2\/product_category?post=1282"}],"curies":[{"name":"wp","href":"https:\/\/api.w.org\/{rel}","templated":true}]}}